{"id":81,"date":"2019-06-13T15:27:18","date_gmt":"2019-06-13T13:27:18","guid":{"rendered":"https:\/\/www.twise.fr\/?page_id=81"},"modified":"2021-05-03T17:39:31","modified_gmt":"2021-05-03T15:39:31","slug":"mentions-legales","status":"publish","type":"page","link":"https:\/\/www.twise.fr\/?page_id=81","title":{"rendered":"Mentions l\u00e9gales"},"content":{"rendered":"<p><strong>RAISON SOCIALE\u00a0<\/strong><\/p>\n<div class=\"headline-center-v2 headline-center-v2-dark wow bounceInDown\"><\/div>\n<p class=\"wow bounceInUp margin-right-10 margin-left-10 text-center\"><strong>Soci\u00e9t\u00e9 :<\/strong> TWISE SAS<br \/>\nCentre d&rsquo;Affaires Alta Rocca<br \/>\n1120 ROUTE DE GEMENOS<br \/>\n13400 Aubagne\u00a0 &#8211; FRANCE<br \/>\n<strong>T\u00e9l :<\/strong> +33 (0)9 72 53 45 11<\/p>\n<p><strong>Date de cr\u00e9ation :<\/strong> Cr\u00e9ation de la soci\u00e9t\u00e9 en Novembre 2017<br \/>\n<strong>Structure juridique :<\/strong> S.A.S (Soci\u00e9t\u00e9 par Actions Simplifi\u00e9e)<br \/>\n<strong>Nationalit\u00e9 :<\/strong>\u00a0Fran\u00e7aise<br \/>\n<strong>Capital social : <\/strong>200 000 \u20ac<br \/>\n<strong>Exercice social :<\/strong> du 1er Janvier au 31 D\u00e9cembre<br \/>\n<strong>Immatriculation:<\/strong> 833 654 874 au R.C.S de Marseille<\/p>\n<p><strong>PUBLICATION<\/strong><\/p>\n<p>Le site <a href=\"https:\/\/www.twise.fr\/\">www.twise.fr<\/a> est \u00e9dit\u00e9 par TWISE SAS.<\/p>\n<p><strong>H\u00c9BERGEUR<\/strong><\/p>\n<p><strong>Soci\u00e9t\u00e9 :<\/strong> OVH, SAS<br \/>\n2 rue Kellermann<br \/>\n59100 Roubaix\u00a0 &#8211; FRANCE<\/p>\n<p><strong>Capital social : <\/strong>10 059 500 \u20ac<\/p>\n<p><strong>Immatriculation:<\/strong> 424 761 419 au R.C.S de Lille<\/p>\n","protected":false},"excerpt":{"rendered":"<p>RAISON SOCIALE\u00a0 Soci\u00e9t\u00e9 : TWISE SAS Centre d&rsquo;Affaires Alta Rocca 1120 ROUTE DE GEMENOS 13400 Aubagne\u00a0 &#8211; FRANCE T\u00e9l :&#8230;<\/p>\n","protected":false},"author":1,"featured_media":0,"parent":0,"menu_order":0,"comment_status":"closed","ping_status":"closed","template":"","meta":{"footnotes":""},"class_list":["post-81","page","type-page","status-publish"],"yoast_head":"<!-- This site is optimized with the Yoast SEO plugin v23.9 - https:\/\/yoast.com\/wordpress\/plugins\/seo\/ -->\n<title>Mentions l\u00e9gales - Twise.fr<\/title>\n<meta name=\"robots\" content=\"index, follow, max-snippet:-1, max-image-preview:large, max-video-preview:-1\" \/>\n<link rel=\"canonical\" href=\"https:\/\/www.twise.fr\/?page_id=81\" \/>\n<meta property=\"og:locale\" content=\"fr_FR\" \/>\n<meta property=\"og:type\" content=\"article\" \/>\n<meta property=\"og:title\" content=\"Mentions l\u00e9gales - Twise.fr\" \/>\n<meta property=\"og:description\" content=\"RAISON SOCIALE\u00a0 Soci\u00e9t\u00e9 : TWISE SAS Centre d&rsquo;Affaires Alta Rocca 1120 ROUTE DE GEMENOS 13400 Aubagne\u00a0 &#8211; FRANCE T\u00e9l :...\" \/>\n<meta property=\"og:url\" content=\"https:\/\/www.twise.fr\/?page_id=81\" \/>\n<meta property=\"og:site_name\" content=\"Twise.fr\" \/>\n<meta property=\"article:modified_time\" content=\"2021-05-03T15:39:31+00:00\" \/>\n<meta name=\"twitter:card\" content=\"summary_large_image\" \/>\n<script type=\"application\/ld+json\" class=\"yoast-schema-graph\">{\"@context\":\"https:\/\/schema.org\",\"@graph\":[{\"@type\":\"WebPage\",\"@id\":\"https:\/\/www.twise.fr\/?page_id=81\",\"url\":\"https:\/\/www.twise.fr\/?page_id=81\",\"name\":\"Mentions l\u00e9gales - Twise.fr\",\"isPartOf\":{\"@id\":\"https:\/\/www.twise.fr\/#website\"},\"datePublished\":\"2019-06-13T13:27:18+00:00\",\"dateModified\":\"2021-05-03T15:39:31+00:00\",\"breadcrumb\":{\"@id\":\"https:\/\/www.twise.fr\/?page_id=81#breadcrumb\"},\"inLanguage\":\"fr-FR\",\"potentialAction\":[{\"@type\":\"ReadAction\",\"target\":[\"https:\/\/www.twise.fr\/?page_id=81\"]}]},{\"@type\":\"BreadcrumbList\",\"@id\":\"https:\/\/www.twise.fr\/?page_id=81#breadcrumb\",\"itemListElement\":[{\"@type\":\"ListItem\",\"position\":1,\"name\":\"Accueil\",\"item\":\"https:\/\/www.twise.fr\/\"},{\"@type\":\"ListItem\",\"position\":2,\"name\":\"Mentions l\u00e9gales\"}]},{\"@type\":\"WebSite\",\"@id\":\"https:\/\/www.twise.fr\/#website\",\"url\":\"https:\/\/www.twise.fr\/\",\"name\":\"Twise.fr\",\"description\":\"Logiciels embarqu\u00e9s et de solutions s\u00e9cure pour la t\u00e9l\u00e9vision et la diffusion vid\u00e9o.\",\"publisher\":{\"@id\":\"https:\/\/www.twise.fr\/#organization\"},\"potentialAction\":[{\"@type\":\"SearchAction\",\"target\":{\"@type\":\"EntryPoint\",\"urlTemplate\":\"https:\/\/www.twise.fr\/?s={search_term_string}\"},\"query-input\":{\"@type\":\"PropertyValueSpecification\",\"valueRequired\":true,\"valueName\":\"search_term_string\"}}],\"inLanguage\":\"fr-FR\"},{\"@type\":\"Organization\",\"@id\":\"https:\/\/www.twise.fr\/#organization\",\"name\":\"Twise.fr\",\"url\":\"https:\/\/www.twise.fr\/\",\"logo\":{\"@type\":\"ImageObject\",\"inLanguage\":\"fr-FR\",\"@id\":\"https:\/\/www.twise.fr\/#\/schema\/logo\/image\/\",\"url\":\"https:\/\/www.twise.fr\/wp-content\/uploads\/2023\/11\/Twise-webx2.png\",\"contentUrl\":\"https:\/\/www.twise.fr\/wp-content\/uploads\/2023\/11\/Twise-webx2.png\",\"width\":796,\"height\":438,\"caption\":\"Twise.fr\"},\"image\":{\"@id\":\"https:\/\/www.twise.fr\/#\/schema\/logo\/image\/\"}}]}<\/script>\n<!-- \/ Yoast SEO plugin. -->","yoast_head_json":{"title":"Mentions l\u00e9gales - Twise.fr","robots":{"index":"index","follow":"follow","max-snippet":"max-snippet:-1","max-image-preview":"max-image-preview:large","max-video-preview":"max-video-preview:-1"},"canonical":"https:\/\/www.twise.fr\/?page_id=81","og_locale":"fr_FR","og_type":"article","og_title":"Mentions l\u00e9gales - Twise.fr","og_description":"RAISON SOCIALE\u00a0 Soci\u00e9t\u00e9 : TWISE SAS Centre d&rsquo;Affaires Alta Rocca 1120 ROUTE DE GEMENOS 13400 Aubagne\u00a0 &#8211; FRANCE T\u00e9l :...","og_url":"https:\/\/www.twise.fr\/?page_id=81","og_site_name":"Twise.fr","article_modified_time":"2021-05-03T15:39:31+00:00","twitter_card":"summary_large_image","schema":{"@context":"https:\/\/schema.org","@graph":[{"@type":"WebPage","@id":"https:\/\/www.twise.fr\/?page_id=81","url":"https:\/\/www.twise.fr\/?page_id=81","name":"Mentions l\u00e9gales - Twise.fr","isPartOf":{"@id":"https:\/\/www.twise.fr\/#website"},"datePublished":"2019-06-13T13:27:18+00:00","dateModified":"2021-05-03T15:39:31+00:00","breadcrumb":{"@id":"https:\/\/www.twise.fr\/?page_id=81#breadcrumb"},"inLanguage":"fr-FR","potentialAction":[{"@type":"ReadAction","target":["https:\/\/www.twise.fr\/?page_id=81"]}]},{"@type":"BreadcrumbList","@id":"https:\/\/www.twise.fr\/?page_id=81#breadcrumb","itemListElement":[{"@type":"ListItem","position":1,"name":"Accueil","item":"https:\/\/www.twise.fr\/"},{"@type":"ListItem","position":2,"name":"Mentions l\u00e9gales"}]},{"@type":"WebSite","@id":"https:\/\/www.twise.fr\/#website","url":"https:\/\/www.twise.fr\/","name":"Twise.fr","description":"Logiciels embarqu\u00e9s et de solutions s\u00e9cure pour la t\u00e9l\u00e9vision et la diffusion vid\u00e9o.","publisher":{"@id":"https:\/\/www.twise.fr\/#organization"},"potentialAction":[{"@type":"SearchAction","target":{"@type":"EntryPoint","urlTemplate":"https:\/\/www.twise.fr\/?s={search_term_string}"},"query-input":{"@type":"PropertyValueSpecification","valueRequired":true,"valueName":"search_term_string"}}],"inLanguage":"fr-FR"},{"@type":"Organization","@id":"https:\/\/www.twise.fr\/#organization","name":"Twise.fr","url":"https:\/\/www.twise.fr\/","logo":{"@type":"ImageObject","inLanguage":"fr-FR","@id":"https:\/\/www.twise.fr\/#\/schema\/logo\/image\/","url":"https:\/\/www.twise.fr\/wp-content\/uploads\/2023\/11\/Twise-webx2.png","contentUrl":"https:\/\/www.twise.fr\/wp-content\/uploads\/2023\/11\/Twise-webx2.png","width":796,"height":438,"caption":"Twise.fr"},"image":{"@id":"https:\/\/www.twise.fr\/#\/schema\/logo\/image\/"}}]}},"_links":{"self":[{"href":"https:\/\/www.twise.fr\/index.php?rest_route=\/wp\/v2\/pages\/81","targetHints":{"allow":["GET"]}}],"collection":[{"href":"https:\/\/www.twise.fr\/index.php?rest_route=\/wp\/v2\/pages"}],"about":[{"href":"https:\/\/www.twise.fr\/index.php?rest_route=\/wp\/v2\/types\/page"}],"author":[{"embeddable":true,"href":"https:\/\/www.twise.fr\/index.php?rest_route=\/wp\/v2\/users\/1"}],"replies":[{"embeddable":true,"href":"https:\/\/www.twise.fr\/index.php?rest_route=%2Fwp%2Fv2%2Fcomments&post=81"}],"version-history":[{"count":12,"href":"https:\/\/www.twise.fr\/index.php?rest_route=\/wp\/v2\/pages\/81\/revisions"}],"predecessor-version":[{"id":1913,"href":"https:\/\/www.twise.fr\/index.php?rest_route=\/wp\/v2\/pages\/81\/revisions\/1913"}],"wp:attachment":[{"href":"https:\/\/www.twise.fr\/index.php?rest_route=%2Fwp%2Fv2%2Fmedia&parent=81"}],"curies":[{"name":"wp","href":"https:\/\/api.w.org\/{rel}","templated":true}]}}