{"id":85,"date":"2019-06-13T15:28:15","date_gmt":"2019-06-13T13:28:15","guid":{"rendered":"https:\/\/www.twise.fr\/?page_id=85"},"modified":"2020-02-26T17:26:13","modified_gmt":"2020-02-26T16:26:13","slug":"politique-de-confidentialite-2","status":"publish","type":"page","link":"https:\/\/www.twise.fr\/?page_id=85","title":{"rendered":"Politique de confidentialit\u00e9"},"content":{"rendered":"\r\n<p><strong>GESTION DES DONN\u00c9ES PERSONNELLES ET POLITIQUE DE<br \/>CONFIDENTIALIT\u00c9<\/strong><\/p>\r\n<p>En France, les donn\u00e9es personnelles sont notamment prot\u00e9g\u00e9es par la loi n\u00b0 78-87 du 6 janvier 1978, la loi n\u00b0 2004-801 du 6 ao\u00fbt 2004, l\u2019article L. 226-13 du Code p\u00e9nal et la<br \/>Directive Europ\u00e9enne du 24 octobre 1995.<br \/>A l\u2019occasion de l\u2019utilisation du site <a href=\"https:\/\/www.twise.fr\/\">www.twise.fr<\/a>, peuvent \u00eatre recueillies : l\u2019URL des liens par l\u2019interm\u00e9diaire desquels l\u2019utilisateur a acc\u00e9d\u00e9 au site <a href=\"https:\/\/www.twise.fr\/\">www.twise.fr<\/a>, le fournisseur d\u2019acc\u00e8s de l\u2019utilisateur, l\u2019adresse de protocole Internet (IP) de l\u2019utilisateur.<br \/>En tout \u00e9tat de cause TWISE ne collecte des informations personnelles relatives \u00e0 l\u2019utilisateur que pour le besoin de certains services propos\u00e9s par le<br \/>site <a href=\"https:\/\/www.twise.fr\/\">www.twise.fr<\/a>. L\u2019utilisateur fournit ces informations en toute connaissance de cause, notamment lorsqu\u2019il proc\u00e8de par lui-m\u00eame \u00e0 leur saisie. Il est alors pr\u00e9cis\u00e9 \u00e0<br \/>l\u2019utilisateur du site <a href=\"https:\/\/www.twise.fr\/\">www.twise.fr<\/a> l\u2019obligation ou non de fournir ces informations.<br \/>Le site n\u2019est pas d\u00e9clar\u00e9 \u00e0 la CNIL car il ne recueille pas d\u2019informations personnelles.<\/p>\r\n<p><strong>LIENS HYPERTEXTES ET COOKIES<\/strong><\/p>\r\n<p>Le site <a href=\"https:\/\/www.twise.fr\/\">www.twise.fr<\/a> contient un certain nombre de liens hypertextes vers d\u2019autres sites, mis en place avec l\u2019autorisation de TWISE. Cependant,<br \/>TWISE n\u2019a pas la possibilit\u00e9 de v\u00e9rifier le contenu des sites ainsi visit\u00e9s, et n\u2019assumera en cons\u00e9quence aucune responsabilit\u00e9 de ce fait.<br \/>Dans l\u2019hypoth\u00e8se o\u00f9 un utilisateur ou visiteur souhaiterait mettre en place un hyperlien en direction d\u2019un des sites internet TWISE, il lui appartiendra d\u2019adresser<br \/>un email accessible sur le site afin de formuler sa demande de mise en place d\u2019un hyperlien.<br \/>TWISE se r\u00e9serve le droit d\u2019accepter ou de refuser un hyperlien sans avoir \u00e0 en justifier sa d\u00e9cision.<br \/>La navigation sur le site <a href=\"https:\/\/www.twise.fr\/\">www.twise.fr<\/a> est susceptible de provoquer l\u2019installation de cookie(s) sur l\u2019ordinateur de l\u2019utilisateur. Un cookie est un fichier de petite taille, qui ne permet pas l\u2019identification de l\u2019utilisateur, mais qui enregistre des informations relatives \u00e0 la navigation d\u2019un ordinateur sur un site.<\/p>\r\n<p>Nous collectons ainsi de mani\u00e8re automatique certaines informations vous concernant lors d\u2019une simple navigation sur notre site Internet, notamment : des informations concernant l\u2019utilisation de notre site, comme les zones que vous visitez et les services auxquels vous acc\u00e9dez, votre adresse IP, le type de votre navigateur, vos temps d\u2019acc\u00e8s. De telles informations sont utilis\u00e9es exclusivement \u00e0 des fins de statistiques internes et de s\u00e9curit\u00e9 du site TWISE, ou pour am\u00e9liorer la qualit\u00e9 des services qui vous sont propos\u00e9s. Les bases de donn\u00e9es sont prot\u00e9g\u00e9es par les dispositions de la loi du 1er juillet 1998 transposant la directive 96\/9 du 11 mars 1996 relative \u00e0 la protection juridique des bases de donn\u00e9es.<br \/>Le site TWISE utilise des solutions de soci\u00e9t\u00e9 tierces qui n\u00e9cessitent l\u2019utilisation de cookies r\u00e9coltant des informations personnelles :<br \/>\u2013 Solution statistique Google Analytics.<br \/>\u2013 Solution de s\u00e9curit\u00e9 Wordfence<\/p>\r\n<p><br \/>Le refus d\u2019installation d\u2019un cookie peut entra\u00eener l\u2019impossibilit\u00e9 d\u2019acc\u00e9der \u00e0 certains services. L\u2019utilisateur peut toutefois configurer son ordinateur de la mani\u00e8re suivante, pour refuser<br \/>l\u2019installation des cookies :<br \/><strong>Sous Internet Explorer<\/strong> : onglet outil (pictogramme en forme de rouage en haut a droite) \/ options internet. Cliquez sur Confidentialit\u00e9 et choisissez Bloquer tous les cookies. Validez<br \/>sur Ok.<br \/><strong>Sous Firefox<\/strong> : en haut de la fen\u00eatre du navigateur, cliquez sur le bouton Firefox, puis aller dans l\u2019onglet Options. Cliquer sur l\u2019onglet Vie priv\u00e9e. Param\u00e9trez les R\u00e8gles de conservation<br \/>sur : utiliser les param\u00e8tres personnalis\u00e9s pour l\u2019historique. Enfin d\u00e9cochez-la pour d\u00e9sactiver les cookies.<br \/><strong>Sous Safari<\/strong> : Cliquez en haut \u00e0 droite du navigateur sur le pictogramme de menu (symbolis\u00e9 par un rouage). S\u00e9lectionnez Param\u00e8tres. Cliquez sur Afficher les param\u00e8tres avanc\u00e9s.<br \/>Dans la section \u00ab Confidentialit\u00e9 \u00bb, cliquez sur Param\u00e8tres de contenu. Dans la section \u00ab Cookies \u00bb, vous pouvez bloquer les cookies.<br \/><strong>Sous Chrome<\/strong> : Cliquez en haut \u00e0 droite du navigateur sur le pictogramme de menu (symbolis\u00e9 par trois lignes horizontales). S\u00e9lectionnez Param\u00e8tres. Cliquez sur Afficher les<br \/>param\u00e8tres avanc\u00e9s. Dans la section \u00ab Confidentialit\u00e9 \u00bb, cliquez sur pr\u00e9f\u00e9rences. Dans l\u2019onglet \u00ab Confidentialit\u00e9 \u00bb, vous pouvez bloquer les cookies.<\/p>\r\n\r\n\r\n\r\n<p><strong>DROIT APPLICABLE ET ATTRIBUTION DE JURIDICTION<\/strong><\/p>\r\n<p>Tout litige en relation avec l\u2019utilisation du site <a href=\"http:\/\/www.twise.fr\">www.twise.fr<\/a> est soumis au droit fran\u00e7ais. Il est fait attribution exclusive de juridiction aux tribunaux comp\u00e9tents de Paris.<\/p>\r\n<p><strong>LES PRINCIPALES LOIS CONCERN\u00c9ES<\/strong><\/p>\r\n<p>Loi n\u00b0 78-17 du 6 janvier 1978, notamment modifi\u00e9e par la loi n\u00b0 2004-801 du 6 ao\u00fbt 2004 relative \u00e0 l\u2019informatique, aux fichiers et aux libert\u00e9s.<br \/>Loi n\u00b0 2004-575 du 21 juin 2004 pour la confiance dans l\u2019\u00e9conomie num\u00e9rique.<\/p>\r\n<p><strong>LEXIQUE<\/strong><\/p>\r\n\r\n\r\n\r\n<p>Utilisateur : Internaute se connectant, utilisant le site susnomm\u00e9.\u00a0<br \/>Informations personnelles : \u00ab les informations qui permettent, sous quelque forme que ce soit, directement ou non, l\u2019identification des personnes physiques auxquelles elles s\u2019appliquent \u00bb (article 4 de la loi n\u00b0 78-17 du 6 janvier 1978).<\/p>\r\n","protected":false},"excerpt":{"rendered":"<p>GESTION DES DONN\u00c9ES PERSONNELLES ET POLITIQUE DECONFIDENTIALIT\u00c9 En France, les donn\u00e9es personnelles sont notamment prot\u00e9g\u00e9es par la loi n\u00b0 78-87&#8230;<\/p>\n","protected":false},"author":1,"featured_media":0,"parent":0,"menu_order":0,"comment_status":"closed","ping_status":"closed","template":"","meta":{"footnotes":""},"class_list":["post-85","page","type-page","status-publish"],"yoast_head":"<!-- This site is optimized with the Yoast SEO plugin v23.9 - https:\/\/yoast.com\/wordpress\/plugins\/seo\/ -->\n<title>Politique de confidentialit\u00e9 - Twise.fr<\/title>\n<meta name=\"robots\" content=\"index, follow, max-snippet:-1, max-image-preview:large, max-video-preview:-1\" \/>\n<link rel=\"canonical\" href=\"https:\/\/www.twise.fr\/?page_id=85\" \/>\n<meta property=\"og:locale\" content=\"fr_FR\" \/>\n<meta property=\"og:type\" content=\"article\" \/>\n<meta property=\"og:title\" content=\"Politique de confidentialit\u00e9 - Twise.fr\" \/>\n<meta property=\"og:description\" content=\"GESTION DES DONN\u00c9ES PERSONNELLES ET POLITIQUE DECONFIDENTIALIT\u00c9 En France, les donn\u00e9es personnelles sont notamment prot\u00e9g\u00e9es par la loi n\u00b0 78-87...\" \/>\n<meta property=\"og:url\" content=\"https:\/\/www.twise.fr\/?page_id=85\" \/>\n<meta property=\"og:site_name\" content=\"Twise.fr\" \/>\n<meta property=\"article:modified_time\" content=\"2020-02-26T16:26:13+00:00\" \/>\n<meta name=\"twitter:card\" content=\"summary_large_image\" \/>\n<meta name=\"twitter:label1\" content=\"Dur\u00e9e de lecture estim\u00e9e\" \/>\n\t<meta name=\"twitter:data1\" content=\"4 minutes\" \/>\n<script type=\"application\/ld+json\" class=\"yoast-schema-graph\">{\"@context\":\"https:\/\/schema.org\",\"@graph\":[{\"@type\":\"WebPage\",\"@id\":\"https:\/\/www.twise.fr\/?page_id=85\",\"url\":\"https:\/\/www.twise.fr\/?page_id=85\",\"name\":\"Politique de confidentialit\u00e9 - Twise.fr\",\"isPartOf\":{\"@id\":\"https:\/\/www.twise.fr\/#website\"},\"datePublished\":\"2019-06-13T13:28:15+00:00\",\"dateModified\":\"2020-02-26T16:26:13+00:00\",\"breadcrumb\":{\"@id\":\"https:\/\/www.twise.fr\/?page_id=85#breadcrumb\"},\"inLanguage\":\"fr-FR\",\"potentialAction\":[{\"@type\":\"ReadAction\",\"target\":[\"https:\/\/www.twise.fr\/?page_id=85\"]}]},{\"@type\":\"BreadcrumbList\",\"@id\":\"https:\/\/www.twise.fr\/?page_id=85#breadcrumb\",\"itemListElement\":[{\"@type\":\"ListItem\",\"position\":1,\"name\":\"Accueil\",\"item\":\"https:\/\/www.twise.fr\/\"},{\"@type\":\"ListItem\",\"position\":2,\"name\":\"Politique de confidentialit\u00e9\"}]},{\"@type\":\"WebSite\",\"@id\":\"https:\/\/www.twise.fr\/#website\",\"url\":\"https:\/\/www.twise.fr\/\",\"name\":\"Twise.fr\",\"description\":\"Logiciels embarqu\u00e9s et de solutions s\u00e9cure pour la t\u00e9l\u00e9vision et la diffusion vid\u00e9o.\",\"publisher\":{\"@id\":\"https:\/\/www.twise.fr\/#organization\"},\"potentialAction\":[{\"@type\":\"SearchAction\",\"target\":{\"@type\":\"EntryPoint\",\"urlTemplate\":\"https:\/\/www.twise.fr\/?s={search_term_string}\"},\"query-input\":{\"@type\":\"PropertyValueSpecification\",\"valueRequired\":true,\"valueName\":\"search_term_string\"}}],\"inLanguage\":\"fr-FR\"},{\"@type\":\"Organization\",\"@id\":\"https:\/\/www.twise.fr\/#organization\",\"name\":\"Twise.fr\",\"url\":\"https:\/\/www.twise.fr\/\",\"logo\":{\"@type\":\"ImageObject\",\"inLanguage\":\"fr-FR\",\"@id\":\"https:\/\/www.twise.fr\/#\/schema\/logo\/image\/\",\"url\":\"https:\/\/www.twise.fr\/wp-content\/uploads\/2023\/11\/Twise-webx2.png\",\"contentUrl\":\"https:\/\/www.twise.fr\/wp-content\/uploads\/2023\/11\/Twise-webx2.png\",\"width\":796,\"height\":438,\"caption\":\"Twise.fr\"},\"image\":{\"@id\":\"https:\/\/www.twise.fr\/#\/schema\/logo\/image\/\"}}]}<\/script>\n<!-- \/ Yoast SEO plugin. -->","yoast_head_json":{"title":"Politique de confidentialit\u00e9 - Twise.fr","robots":{"index":"index","follow":"follow","max-snippet":"max-snippet:-1","max-image-preview":"max-image-preview:large","max-video-preview":"max-video-preview:-1"},"canonical":"https:\/\/www.twise.fr\/?page_id=85","og_locale":"fr_FR","og_type":"article","og_title":"Politique de confidentialit\u00e9 - Twise.fr","og_description":"GESTION DES DONN\u00c9ES PERSONNELLES ET POLITIQUE DECONFIDENTIALIT\u00c9 En France, les donn\u00e9es personnelles sont notamment prot\u00e9g\u00e9es par la loi n\u00b0 78-87...","og_url":"https:\/\/www.twise.fr\/?page_id=85","og_site_name":"Twise.fr","article_modified_time":"2020-02-26T16:26:13+00:00","twitter_card":"summary_large_image","twitter_misc":{"Dur\u00e9e de lecture estim\u00e9e":"4 minutes"},"schema":{"@context":"https:\/\/schema.org","@graph":[{"@type":"WebPage","@id":"https:\/\/www.twise.fr\/?page_id=85","url":"https:\/\/www.twise.fr\/?page_id=85","name":"Politique de confidentialit\u00e9 - Twise.fr","isPartOf":{"@id":"https:\/\/www.twise.fr\/#website"},"datePublished":"2019-06-13T13:28:15+00:00","dateModified":"2020-02-26T16:26:13+00:00","breadcrumb":{"@id":"https:\/\/www.twise.fr\/?page_id=85#breadcrumb"},"inLanguage":"fr-FR","potentialAction":[{"@type":"ReadAction","target":["https:\/\/www.twise.fr\/?page_id=85"]}]},{"@type":"BreadcrumbList","@id":"https:\/\/www.twise.fr\/?page_id=85#breadcrumb","itemListElement":[{"@type":"ListItem","position":1,"name":"Accueil","item":"https:\/\/www.twise.fr\/"},{"@type":"ListItem","position":2,"name":"Politique de confidentialit\u00e9"}]},{"@type":"WebSite","@id":"https:\/\/www.twise.fr\/#website","url":"https:\/\/www.twise.fr\/","name":"Twise.fr","description":"Logiciels embarqu\u00e9s et de solutions s\u00e9cure pour la t\u00e9l\u00e9vision et la diffusion vid\u00e9o.","publisher":{"@id":"https:\/\/www.twise.fr\/#organization"},"potentialAction":[{"@type":"SearchAction","target":{"@type":"EntryPoint","urlTemplate":"https:\/\/www.twise.fr\/?s={search_term_string}"},"query-input":{"@type":"PropertyValueSpecification","valueRequired":true,"valueName":"search_term_string"}}],"inLanguage":"fr-FR"},{"@type":"Organization","@id":"https:\/\/www.twise.fr\/#organization","name":"Twise.fr","url":"https:\/\/www.twise.fr\/","logo":{"@type":"ImageObject","inLanguage":"fr-FR","@id":"https:\/\/www.twise.fr\/#\/schema\/logo\/image\/","url":"https:\/\/www.twise.fr\/wp-content\/uploads\/2023\/11\/Twise-webx2.png","contentUrl":"https:\/\/www.twise.fr\/wp-content\/uploads\/2023\/11\/Twise-webx2.png","width":796,"height":438,"caption":"Twise.fr"},"image":{"@id":"https:\/\/www.twise.fr\/#\/schema\/logo\/image\/"}}]}},"_links":{"self":[{"href":"https:\/\/www.twise.fr\/index.php?rest_route=\/wp\/v2\/pages\/85","targetHints":{"allow":["GET"]}}],"collection":[{"href":"https:\/\/www.twise.fr\/index.php?rest_route=\/wp\/v2\/pages"}],"about":[{"href":"https:\/\/www.twise.fr\/index.php?rest_route=\/wp\/v2\/types\/page"}],"author":[{"embeddable":true,"href":"https:\/\/www.twise.fr\/index.php?rest_route=\/wp\/v2\/users\/1"}],"replies":[{"embeddable":true,"href":"https:\/\/www.twise.fr\/index.php?rest_route=%2Fwp%2Fv2%2Fcomments&post=85"}],"version-history":[{"count":10,"href":"https:\/\/www.twise.fr\/index.php?rest_route=\/wp\/v2\/pages\/85\/revisions"}],"predecessor-version":[{"id":789,"href":"https:\/\/www.twise.fr\/index.php?rest_route=\/wp\/v2\/pages\/85\/revisions\/789"}],"wp:attachment":[{"href":"https:\/\/www.twise.fr\/index.php?rest_route=%2Fwp%2Fv2%2Fmedia&parent=85"}],"curies":[{"name":"wp","href":"https:\/\/api.w.org\/{rel}","templated":true}]}}