{"id":87,"date":"2019-06-13T15:28:24","date_gmt":"2019-06-13T13:28:24","guid":{"rendered":"https:\/\/www.twise.fr\/?page_id=87"},"modified":"2020-04-24T10:07:59","modified_gmt":"2020-04-24T08:07:59","slug":"privacy-policy","status":"publish","type":"page","link":"https:\/\/www.twise.fr\/?page_id=87&lang=en","title":{"rendered":"Privacy Policy"},"content":{"rendered":"\r\n<p>Data protection and privacy are important to TWISE. To maintain the trust of our personnel, business partners and customers, TWISE will comply with applicable law and observe fair information principles through our adoption of policies and accountable processes.<\/p>\r\n<h3 class=\"wp-block-heading\"><strong>DATA PROTECTION AND PRIVACY POLICY<\/strong><\/h3>\r\n<p>In France, personal data is notably protected by law n \u00b0 78-87 of January 6, 1978, law n \u00b0 2004-801 of August 6, 2004, article L. 226-13 of the Criminal Code and the European Directive of October 24, 1995. On the occasion of the use of the website <a href=\"https:\/\/www.dtvwise.com\/\">www.twise.fr<\/a>, can be collected: the URL of the links via which the user has accessed the site <a href=\"https:\/\/www.twise.fr\/\">www.twise.fr<\/a>, the supplier of access, the Internet Protocol (IP) address of the user. In any event TWISE only collects personal information about the user for the need of certain services offered by the site <a href=\"https:\/\/www.twise.fr\/\">www.twise.fr<\/a>. The user provides this information with full knowledge of the facts, in particular when he enters it himself. It is then specified to the user of the site <a href=\"https:\/\/www.twise.fr\/\">www.twise.fr<\/a> the obligation or not to provide this information. The site is not declared to the CNIL because it does not collect personal information.<\/p>\r\n<h3><strong>HYPERTEXT LINKS AND COOKIES<\/strong><\/h3>\r\n<p>The <a href=\"https:\/\/www.twise.fr\/\">www.twise.fr<\/a> site contains a number of hypertext links to other sites. However, TWISE does not have the possibility of verifying the content of the sites thus visited, and will not therefore assume any responsibility for this fact. In the event that a user or visitor wishes to set up a hyperlink to one of the TWISE websites, it will be their responsibility to send an email accessible on the site in order to formulate their request for setting up a hyperlink . TWISE reserves the right to accept or refuse a hyperlink without having to justify its decision. Browsing the <a href=\"https:\/\/www.twise.fr\/\">www.twise.fr<\/a>\u00a0site may cause the installation of cookie (s) on the user&rsquo;s computer.<\/p>\r\n<p>A cookie is a small file, which does not allow the identification of the user, but which records information relating to the navigation of a computer on a site. We automatically collect certain information about you when you simply browse our website, including: information about the use of our site, such as the areas you visit and the services you access, your IP address, the type of your browser, your access times. Such information is used exclusively for internal statistics and security of the TWISE site, or to improve the quality of the services offered to you. The databases are protected by the provisions of the law of July 1, 1998 transposing Directive 96\/9 of March 11, 1996 on the legal protection of databases.<\/p>\r\n<p>TWISE website uses third-party company solutions that require the use of cookies that collect personal information:<\/p>\r\n<p>&#8211; Google Analytics statistical solution.<\/p>\r\n<p>&#8211; Wordfence security solution Refusing to install a cookie may make it impossible to access certain services.<\/p>\r\n<p>The user can however configure his computer as follows, to refuse the installation of cookies:<\/p>\r\n<ul>\r\n<li>In Internet Explorer: tool tab (cog-shaped pictogram at the top right) \/ internet options. Click on Confidentiality and choose Block all cookies. Validate on Ok.<\/li>\r\n<li>In Firefox: at the top of the browser window, click the Firefox button, then go to the Options tab. Click on the Privacy tab. Set the Storage rules on: use the custom settings for history. Finally uncheck it to deactivate cookies.<\/li>\r\n<li>In Safari: Click at the top right of the browser on the menu pictogram (symbolized by a cog). Select Settings. Click on Show advanced settings. In the \u00ab\u00a0Confidentiality\u00a0\u00bb section, click on Content settings. In the \u00ab\u00a0Cookies\u00a0\u00bb section, you can block cookies.<\/li>\r\n<li>In Chrome: Click at the top right of the browser on the menu pictogram (symbolized by three horizontal lines). Select Settings. Click on Show advanced settings. In the \u00ab\u00a0Confidentiality\u00a0\u00bb section, click on preferences. In the \u00ab\u00a0Confidentiality\u00a0\u00bb tab, you can block cookies.<\/li>\r\n<\/ul>\r\n<h3><strong>APPLICABLE LAW AND ATTRIBUTION OF JURISDICTION<\/strong><\/h3>\r\n<p>Any dispute in connection with the use of the site www.dtvwise.com is subject to French law. Exclusive jurisdiction is given to the competent courts of Paris.<\/p>\r\n<h3><strong>THE MAIN LAWS CONCERNED <\/strong><\/h3>\r\n<p>Law No. 78-17 of January 6, 1978, in particular amended by Law No. 2004-801 of August 6, 2004 relating to data processing, files and freedoms. Law n \u00b0 2004-575 of June 21, 2004 for confidence in the digital economy.<\/p>\r\n<h3><b>LEXICON<\/b><\/h3>\r\n<p>Internet user connecting, using the aforementioned site. Personal information: \u00ab\u00a0information which allows, in any form whatsoever, directly or indirectly, the identification of the natural persons to whom they apply\u00a0\u00bb (article 4 of law n \u00b0 78-17 of January 6, 1978).<\/p>\r\n\r\n\r\n\r\n\r\n\r\n\r\n\r\n\r\n\r\n\r\n\r\n<h3 class=\"wp-block-heading\">\u00a0<\/h3>\r\n","protected":false},"excerpt":{"rendered":"<p>Data protection and privacy are important to TWISE. To maintain the trust of our personnel, business partners and customers, TWISE&#8230;<\/p>\n","protected":false},"author":1,"featured_media":0,"parent":0,"menu_order":0,"comment_status":"closed","ping_status":"closed","template":"","meta":{"footnotes":""},"class_list":["post-87","page","type-page","status-publish"],"yoast_head":"<!-- This site is optimized with the Yoast SEO plugin v23.9 - https:\/\/yoast.com\/wordpress\/plugins\/seo\/ -->\n<title>Privacy Policy - Twise.fr<\/title>\n<meta name=\"robots\" content=\"index, follow, max-snippet:-1, max-image-preview:large, max-video-preview:-1\" \/>\n<link rel=\"canonical\" href=\"https:\/\/www.twise.fr\/?page_id=87&lang=en\" \/>\n<meta property=\"og:locale\" content=\"fr_FR\" \/>\n<meta property=\"og:type\" content=\"article\" \/>\n<meta property=\"og:title\" content=\"Privacy Policy - Twise.fr\" \/>\n<meta property=\"og:description\" content=\"Data protection and privacy are important to TWISE. To maintain the trust of our personnel, business partners and customers, TWISE...\" \/>\n<meta property=\"og:url\" content=\"https:\/\/www.twise.fr\/?page_id=87&amp;lang=en\" \/>\n<meta property=\"og:site_name\" content=\"Twise.fr\" \/>\n<meta property=\"article:modified_time\" content=\"2020-04-24T08:07:59+00:00\" \/>\n<meta name=\"twitter:card\" content=\"summary_large_image\" \/>\n<meta name=\"twitter:label1\" content=\"Dur\u00e9e de lecture estim\u00e9e\" \/>\n\t<meta name=\"twitter:data1\" content=\"4 minutes\" \/>\n<script type=\"application\/ld+json\" class=\"yoast-schema-graph\">{\"@context\":\"https:\/\/schema.org\",\"@graph\":[{\"@type\":\"WebPage\",\"@id\":\"https:\/\/www.twise.fr\/?page_id=87&lang=en\",\"url\":\"https:\/\/www.twise.fr\/?page_id=87&lang=en\",\"name\":\"Privacy Policy - Twise.fr\",\"isPartOf\":{\"@id\":\"https:\/\/www.twise.fr\/#website\"},\"datePublished\":\"2019-06-13T13:28:24+00:00\",\"dateModified\":\"2020-04-24T08:07:59+00:00\",\"breadcrumb\":{\"@id\":\"https:\/\/www.twise.fr\/?page_id=87&lang=en#breadcrumb\"},\"inLanguage\":\"fr-FR\",\"potentialAction\":[{\"@type\":\"ReadAction\",\"target\":[\"https:\/\/www.twise.fr\/?page_id=87&lang=en\"]}]},{\"@type\":\"BreadcrumbList\",\"@id\":\"https:\/\/www.twise.fr\/?page_id=87&lang=en#breadcrumb\",\"itemListElement\":[{\"@type\":\"ListItem\",\"position\":1,\"name\":\"Accueil\",\"item\":\"https:\/\/www.twise.fr\/\"},{\"@type\":\"ListItem\",\"position\":2,\"name\":\"Privacy Policy\"}]},{\"@type\":\"WebSite\",\"@id\":\"https:\/\/www.twise.fr\/#website\",\"url\":\"https:\/\/www.twise.fr\/\",\"name\":\"Twise.fr\",\"description\":\"Logiciels embarqu\u00e9s et de solutions s\u00e9cure pour la t\u00e9l\u00e9vision et la diffusion vid\u00e9o.\",\"publisher\":{\"@id\":\"https:\/\/www.twise.fr\/#organization\"},\"potentialAction\":[{\"@type\":\"SearchAction\",\"target\":{\"@type\":\"EntryPoint\",\"urlTemplate\":\"https:\/\/www.twise.fr\/?s={search_term_string}\"},\"query-input\":{\"@type\":\"PropertyValueSpecification\",\"valueRequired\":true,\"valueName\":\"search_term_string\"}}],\"inLanguage\":\"fr-FR\"},{\"@type\":\"Organization\",\"@id\":\"https:\/\/www.twise.fr\/#organization\",\"name\":\"Twise.fr\",\"url\":\"https:\/\/www.twise.fr\/\",\"logo\":{\"@type\":\"ImageObject\",\"inLanguage\":\"fr-FR\",\"@id\":\"https:\/\/www.twise.fr\/#\/schema\/logo\/image\/\",\"url\":\"https:\/\/www.twise.fr\/wp-content\/uploads\/2023\/11\/Twise-webx2.png\",\"contentUrl\":\"https:\/\/www.twise.fr\/wp-content\/uploads\/2023\/11\/Twise-webx2.png\",\"width\":796,\"height\":438,\"caption\":\"Twise.fr\"},\"image\":{\"@id\":\"https:\/\/www.twise.fr\/#\/schema\/logo\/image\/\"}}]}<\/script>\n<!-- \/ Yoast SEO plugin. -->","yoast_head_json":{"title":"Privacy Policy - Twise.fr","robots":{"index":"index","follow":"follow","max-snippet":"max-snippet:-1","max-image-preview":"max-image-preview:large","max-video-preview":"max-video-preview:-1"},"canonical":"https:\/\/www.twise.fr\/?page_id=87&lang=en","og_locale":"fr_FR","og_type":"article","og_title":"Privacy Policy - Twise.fr","og_description":"Data protection and privacy are important to TWISE. To maintain the trust of our personnel, business partners and customers, TWISE...","og_url":"https:\/\/www.twise.fr\/?page_id=87&lang=en","og_site_name":"Twise.fr","article_modified_time":"2020-04-24T08:07:59+00:00","twitter_card":"summary_large_image","twitter_misc":{"Dur\u00e9e de lecture estim\u00e9e":"4 minutes"},"schema":{"@context":"https:\/\/schema.org","@graph":[{"@type":"WebPage","@id":"https:\/\/www.twise.fr\/?page_id=87&lang=en","url":"https:\/\/www.twise.fr\/?page_id=87&lang=en","name":"Privacy Policy - Twise.fr","isPartOf":{"@id":"https:\/\/www.twise.fr\/#website"},"datePublished":"2019-06-13T13:28:24+00:00","dateModified":"2020-04-24T08:07:59+00:00","breadcrumb":{"@id":"https:\/\/www.twise.fr\/?page_id=87&lang=en#breadcrumb"},"inLanguage":"fr-FR","potentialAction":[{"@type":"ReadAction","target":["https:\/\/www.twise.fr\/?page_id=87&lang=en"]}]},{"@type":"BreadcrumbList","@id":"https:\/\/www.twise.fr\/?page_id=87&lang=en#breadcrumb","itemListElement":[{"@type":"ListItem","position":1,"name":"Accueil","item":"https:\/\/www.twise.fr\/"},{"@type":"ListItem","position":2,"name":"Privacy Policy"}]},{"@type":"WebSite","@id":"https:\/\/www.twise.fr\/#website","url":"https:\/\/www.twise.fr\/","name":"Twise.fr","description":"Logiciels embarqu\u00e9s et de solutions s\u00e9cure pour la t\u00e9l\u00e9vision et la diffusion vid\u00e9o.","publisher":{"@id":"https:\/\/www.twise.fr\/#organization"},"potentialAction":[{"@type":"SearchAction","target":{"@type":"EntryPoint","urlTemplate":"https:\/\/www.twise.fr\/?s={search_term_string}"},"query-input":{"@type":"PropertyValueSpecification","valueRequired":true,"valueName":"search_term_string"}}],"inLanguage":"fr-FR"},{"@type":"Organization","@id":"https:\/\/www.twise.fr\/#organization","name":"Twise.fr","url":"https:\/\/www.twise.fr\/","logo":{"@type":"ImageObject","inLanguage":"fr-FR","@id":"https:\/\/www.twise.fr\/#\/schema\/logo\/image\/","url":"https:\/\/www.twise.fr\/wp-content\/uploads\/2023\/11\/Twise-webx2.png","contentUrl":"https:\/\/www.twise.fr\/wp-content\/uploads\/2023\/11\/Twise-webx2.png","width":796,"height":438,"caption":"Twise.fr"},"image":{"@id":"https:\/\/www.twise.fr\/#\/schema\/logo\/image\/"}}]}},"_links":{"self":[{"href":"https:\/\/www.twise.fr\/index.php?rest_route=\/wp\/v2\/pages\/87","targetHints":{"allow":["GET"]}}],"collection":[{"href":"https:\/\/www.twise.fr\/index.php?rest_route=\/wp\/v2\/pages"}],"about":[{"href":"https:\/\/www.twise.fr\/index.php?rest_route=\/wp\/v2\/types\/page"}],"author":[{"embeddable":true,"href":"https:\/\/www.twise.fr\/index.php?rest_route=\/wp\/v2\/users\/1"}],"replies":[{"embeddable":true,"href":"https:\/\/www.twise.fr\/index.php?rest_route=%2Fwp%2Fv2%2Fcomments&post=87"}],"version-history":[{"count":5,"href":"https:\/\/www.twise.fr\/index.php?rest_route=\/wp\/v2\/pages\/87\/revisions"}],"predecessor-version":[{"id":794,"href":"https:\/\/www.twise.fr\/index.php?rest_route=\/wp\/v2\/pages\/87\/revisions\/794"}],"wp:attachment":[{"href":"https:\/\/www.twise.fr\/index.php?rest_route=%2Fwp%2Fv2%2Fmedia&parent=87"}],"curies":[{"name":"wp","href":"https:\/\/api.w.org\/{rel}","templated":true}]}}